{"id":4396,"date":"2025-03-19T00:20:52","date_gmt":"2025-03-19T03:20:52","guid":{"rendered":"https:\/\/pasnet.com.br\/site\/?page_id=4396"},"modified":"2025-03-19T00:21:38","modified_gmt":"2025-03-19T03:21:38","slug":"ata-secult-pa","status":"publish","type":"page","link":"https:\/\/pasnet.com.br\/site\/ata-secult-pa\/","title":{"rendered":"ATA SECULT\/PA"},"content":{"rendered":"\t\t<div data-elementor-type=\"wp-page\" data-elementor-id=\"4396\" class=\"elementor elementor-4396\" data-elementor-post-type=\"page\">\n\t\t\t\t<div class=\"elementor-element elementor-element-2792e9d e-flex e-con-boxed e-con e-parent\" data-id=\"2792e9d\" data-element_type=\"container\">\n\t\t\t\t\t<div class=\"e-con-inner\">\n\t\t\t\t<div class=\"elementor-element elementor-element-04af75c elementor-widget elementor-widget-text-editor\" data-id=\"04af75c\" data-element_type=\"widget\" data-widget_type=\"text-editor.default\">\n\t\t\t\t<div class=\"elementor-widget-container\">\n\t\t\t\t\t\t\t\t\t<p><b>ATA SECULT\/PA \u2013 Elabora\u00e7\u00e3o de Projetos de Engenharia e Arquitetura<\/b><\/p><p>Ata de Registro de Pre\u00e7os n\u00ba 02\/2024<\/p><p>\u00d3rg\u00e3o Gerenciador: Governo do Estado do Par\u00e1 (Secretaria de Estado de Cultura \u2013 SECULT\/PA)<\/p><p>\u00d3rg\u00e3os Part\u00edcipes: Governo do Estado de Goi\u00e1s e Governo do Estado do Esp\u00edrito Santo\u00a0<\/p><p>Vig\u00eancia da Ata: de 06\/08\/2024 a 05\/08\/2025<\/p><p>Objeto: Elabora\u00e7\u00e3o das pe\u00e7as t\u00e9cnicas e gr\u00e1ficas necess\u00e1rias e indispens\u00e1veis \u00e0 execu\u00e7\u00e3o de obras p\u00fablicas com tipologias e complexidades variadas e outras atividades correlatas, por unidades de medidas (M, M\u00b2, M\u00b3, KVA).<\/p><p><a href=\"https:\/\/www.pasnet.com.br\/ata002-2024\/portfolio_apresentacao\/Portf%C3%B3lio%20ARP%20n%C2%BA%2002-24%20-%20Secult-PA.pdf\">Portf\u00f3lio de apresenta\u00e7\u00e3o da ARP n\u00ba 02\/2024<\/a><\/p>\t\t\t\t\t\t\t\t<\/div>\n\t\t\t\t<\/div>\n\t\t\t\t\t<\/div>\n\t\t\t\t<\/div>\n\t\t\t\t<\/div>\n\t\t","protected":false},"excerpt":{"rendered":"<p>ATA SECULT\/PA \u2013 Elabora\u00e7\u00e3o de Projetos de Engenharia e Arquitetura Ata de Registro de Pre\u00e7os n\u00ba 02\/2024 \u00d3rg\u00e3o Gerenciador: Governo do Estado do Par\u00e1 (Secretaria de Estado de Cultura \u2013 SECULT\/PA) \u00d3rg\u00e3os Part\u00edcipes: Governo do Estado de Goi\u00e1s e Governo do Estado do Esp\u00edrito Santo\u00a0 Vig\u00eancia da Ata: de 06\/08\/2024 a 05\/08\/2025 Objeto: Elabora\u00e7\u00e3o das [&hellip;]<\/p>\n","protected":false},"author":2,"featured_media":0,"parent":0,"menu_order":0,"comment_status":"closed","ping_status":"closed","template":"","meta":{"footnotes":""},"class_list":["post-4396","page","type-page","status-publish","hentry"],"_links":{"self":[{"href":"https:\/\/pasnet.com.br\/site\/wp-json\/wp\/v2\/pages\/4396","targetHints":{"allow":["GET"]}}],"collection":[{"href":"https:\/\/pasnet.com.br\/site\/wp-json\/wp\/v2\/pages"}],"about":[{"href":"https:\/\/pasnet.com.br\/site\/wp-json\/wp\/v2\/types\/page"}],"author":[{"embeddable":true,"href":"https:\/\/pasnet.com.br\/site\/wp-json\/wp\/v2\/users\/2"}],"replies":[{"embeddable":true,"href":"https:\/\/pasnet.com.br\/site\/wp-json\/wp\/v2\/comments?post=4396"}],"version-history":[{"count":4,"href":"https:\/\/pasnet.com.br\/site\/wp-json\/wp\/v2\/pages\/4396\/revisions"}],"predecessor-version":[{"id":4400,"href":"https:\/\/pasnet.com.br\/site\/wp-json\/wp\/v2\/pages\/4396\/revisions\/4400"}],"wp:attachment":[{"href":"https:\/\/pasnet.com.br\/site\/wp-json\/wp\/v2\/media?parent=4396"}],"curies":[{"name":"wp","href":"https:\/\/api.w.org\/{rel}","templated":true}]}}