{"id":4388,"date":"2025-03-19T00:14:02","date_gmt":"2025-03-19T03:14:02","guid":{"rendered":"https:\/\/pasnet.com.br\/site\/?page_id=4388"},"modified":"2025-03-19T00:19:19","modified_gmt":"2025-03-19T03:19:19","slug":"ata-cimsa","status":"publish","type":"page","link":"https:\/\/pasnet.com.br\/site\/ata-cimsa\/","title":{"rendered":"ATA CIMSA"},"content":{"rendered":"\t\t<div data-elementor-type=\"wp-page\" data-elementor-id=\"4388\" class=\"elementor elementor-4388\" data-elementor-post-type=\"page\">\n\t\t\t\t<div class=\"elementor-element elementor-element-25bf82f e-flex e-con-boxed e-con e-parent\" data-id=\"25bf82f\" data-element_type=\"container\">\n\t\t\t\t\t<div class=\"e-con-inner\">\n\t\t\t\t<div class=\"elementor-element elementor-element-3853b0f elementor-widget elementor-widget-text-editor\" data-id=\"3853b0f\" data-element_type=\"widget\" data-widget_type=\"text-editor.default\">\n\t\t\t\t<div class=\"elementor-widget-container\">\n\t\t\t\t\t\t\t\t\t<p><b>ATA CIMSA \u2013 Elabora\u00e7\u00e3o de Projetos de Engenharia e Arquitetura<\/b><\/p><p>Ata de Registro de Pre\u00e7os n\u00ba 01\/2025<\/p><p>\u00d3rg\u00e3o Gerenciador: Cons\u00f3rcio Intermunicipal de Sa\u00fade \u2013 CIMSA<\/p><p>Vig\u00eancia da Ata: de 28\/01\/2025 a 28\/01\/2026<\/p><p>Objeto: Contrata\u00e7\u00e3o, sob demanda, de empresa capacitada na confec\u00e7\u00e3o de escopo sistem\u00e1tico detalhado e estruturado, destinado \u00e0 concep\u00e7\u00e3o, desenvolvimento e otimiza\u00e7\u00e3o de mecanismos, dispositivos ou processos de produ\u00e7\u00e3o de sistemas, estruturas e infraestruturas, aplicando princ\u00edpios cient\u00edficos e matem\u00e1ticos avan\u00e7ados na resolu\u00e7\u00e3o dos problemas espec\u00edficos que visam nortear a realiza\u00e7\u00e3o das interven\u00e7\u00f5es p\u00fablicas, cujo conjunto de m\u00e9todos abrange a defini\u00e7\u00e3o dos requisitos, a implementa\u00e7\u00e3o das atividades previstas e a avalia\u00e7\u00e3o dos resultados, assegurando que os par\u00e2metros e objetivos sejam cumpridos com efic\u00e1cia e efici\u00eancia, quantificadas pela menor fra\u00e7\u00e3o de unidade de medida para cada item, conforme especifica\u00e7\u00f5es, condi\u00e7\u00f5es, unidades, quantidades e exig\u00eancias estabelecidas no Edital e seus anexos.<\/p><p><a href=\"https:\/\/pasnet.com.br\/ata001-25-CIMSA\/Portf%C3%B3lio%20Ata%20Projetos%20n%C2%BA%20001-25%20-%20CIMSA.pdf\">Portf\u00f3lio de apresenta\u00e7\u00e3o da ARP n\u00ba 02\/2024\u00a0<\/a><\/p>\t\t\t\t\t\t\t\t<\/div>\n\t\t\t\t<\/div>\n\t\t\t\t\t<\/div>\n\t\t\t\t<\/div>\n\t\t\t\t<\/div>\n\t\t","protected":false},"excerpt":{"rendered":"<p>ATA CIMSA \u2013 Elabora\u00e7\u00e3o de Projetos de Engenharia e Arquitetura Ata de Registro de Pre\u00e7os n\u00ba 01\/2025 \u00d3rg\u00e3o Gerenciador: Cons\u00f3rcio Intermunicipal de Sa\u00fade \u2013 CIMSA Vig\u00eancia da Ata: de 28\/01\/2025 a 28\/01\/2026 Objeto: Contrata\u00e7\u00e3o, sob demanda, de empresa capacitada na confec\u00e7\u00e3o de escopo sistem\u00e1tico detalhado e estruturado, destinado \u00e0 concep\u00e7\u00e3o, desenvolvimento e otimiza\u00e7\u00e3o de mecanismos, [&hellip;]<\/p>\n","protected":false},"author":2,"featured_media":1103,"parent":0,"menu_order":0,"comment_status":"closed","ping_status":"closed","template":"elementor_theme","meta":{"footnotes":""},"class_list":["post-4388","page","type-page","status-publish","has-post-thumbnail","hentry"],"_links":{"self":[{"href":"https:\/\/pasnet.com.br\/site\/wp-json\/wp\/v2\/pages\/4388","targetHints":{"allow":["GET"]}}],"collection":[{"href":"https:\/\/pasnet.com.br\/site\/wp-json\/wp\/v2\/pages"}],"about":[{"href":"https:\/\/pasnet.com.br\/site\/wp-json\/wp\/v2\/types\/page"}],"author":[{"embeddable":true,"href":"https:\/\/pasnet.com.br\/site\/wp-json\/wp\/v2\/users\/2"}],"replies":[{"embeddable":true,"href":"https:\/\/pasnet.com.br\/site\/wp-json\/wp\/v2\/comments?post=4388"}],"version-history":[{"count":4,"href":"https:\/\/pasnet.com.br\/site\/wp-json\/wp\/v2\/pages\/4388\/revisions"}],"predecessor-version":[{"id":4393,"href":"https:\/\/pasnet.com.br\/site\/wp-json\/wp\/v2\/pages\/4388\/revisions\/4393"}],"wp:featuredmedia":[{"embeddable":true,"href":"https:\/\/pasnet.com.br\/site\/wp-json\/wp\/v2\/media\/1103"}],"wp:attachment":[{"href":"https:\/\/pasnet.com.br\/site\/wp-json\/wp\/v2\/media?parent=4388"}],"curies":[{"name":"wp","href":"https:\/\/api.w.org\/{rel}","templated":true}]}}