{"id":226,"date":"2024-09-11T13:50:46","date_gmt":"2024-09-11T16:50:46","guid":{"rendered":"https:\/\/pasnet.com.br\/site\/?page_id=226"},"modified":"2025-03-19T00:23:55","modified_gmt":"2025-03-19T03:23:55","slug":"o-que-e-o-srp","status":"publish","type":"page","link":"https:\/\/pasnet.com.br\/site\/o-que-e-o-srp\/","title":{"rendered":"O que \u00e9 o SRP?"},"content":{"rendered":"\t\t<div data-elementor-type=\"wp-page\" data-elementor-id=\"226\" class=\"elementor elementor-226\" data-elementor-post-type=\"page\">\n\t\t\t\t<div class=\"elementor-element elementor-element-fe9e4a4 e-flex e-con-boxed e-con e-parent\" data-id=\"fe9e4a4\" data-element_type=\"container\">\n\t\t\t\t\t<div class=\"e-con-inner\">\n\t\t\t\t<div class=\"elementor-element elementor-element-97caae5 elementor-widget elementor-widget-heading\" data-id=\"97caae5\" data-element_type=\"widget\" data-widget_type=\"heading.default\">\n\t\t\t\t<div class=\"elementor-widget-container\">\n\t\t\t\t\t<h2 class=\"elementor-heading-title elementor-size-default\">O QUE \u00c9 O SISTEMA DE REGISTRO DE PRE\u00c7OS \u2013 SRP ?<\/h2>\t\t\t\t<\/div>\n\t\t\t\t<\/div>\n\t\t\t\t<div class=\"elementor-element elementor-element-940e215 elementor-widget elementor-widget-text-editor\" data-id=\"940e215\" data-element_type=\"widget\" data-widget_type=\"text-editor.default\">\n\t\t\t\t<div class=\"elementor-widget-container\">\n\t\t\t\t\t\t\t\t\t<p><span style=\"font-weight: 400;\">O Sistema de Registro de Pre\u00e7os (SRP) \u00e9 um <\/span><b>procedimento especial de licita\u00e7\u00e3o<\/b><span style=\"font-weight: 400;\"> utilizado para <\/span><b>registrar os pre\u00e7os<\/b><span style=\"font-weight: 400;\"> de determinados bens ou servi\u00e7os para que a Administra\u00e7\u00e3o P\u00fablica possa contrat\u00e1-los futuramente, de acordo com a demanda e sem a necessidade de realizar uma nova licita\u00e7\u00e3o a cada compra.<\/span><\/p><p><span style=\"font-weight: 400;\">Atualmente, o Sistema de Registro de Pre\u00e7os \u00e9 regulamentado pela <\/span><b>Lei n\u00ba 14.133\/2021<\/b><span style=\"font-weight: 400;\"> (Nova Lei de Licita\u00e7\u00f5es e Contratos), que revogou a antiga <\/span><b>Lei n\u00ba 8.666\/1993<\/b><span style=\"font-weight: 400;\"> e parte da <\/span><b>Lei do Preg\u00e3o (Lei n\u00ba 10.520\/2002)<\/b><span style=\"font-weight: 400;\">.<\/span><\/p><p><b>Como funciona?<\/b><\/p><ol><li style=\"font-weight: 400;\" aria-level=\"1\"><span style=\"font-weight: 400;\">O \u00f3rg\u00e3o p\u00fablico realiza uma <\/span><b>licita\u00e7\u00e3o (geralmente na modalidade de Preg\u00e3o ou Concorr\u00eancia)<\/b><span style=\"font-weight: 400;\"> para registrar os pre\u00e7os de bens ou servi\u00e7os.<\/span><\/li><li style=\"font-weight: 400;\" aria-level=\"1\"><span style=\"font-weight: 400;\">As empresas vencedoras da licita\u00e7\u00e3o assinam uma <\/span><b>Ata de Registro de Pre\u00e7os<\/b><span style=\"font-weight: 400;\"> com os valores, quantidades e condi\u00e7\u00f5es estabelecidas.<\/span><\/li><li style=\"font-weight: 400;\" aria-level=\"1\"><span style=\"font-weight: 400;\">Essa ata fica v\u00e1lida por um per\u00edodo de at\u00e9 12 meses (podendo ser prorrogada em casos espec\u00edficos).<\/span><\/li><li style=\"font-weight: 400;\" aria-level=\"1\"><span style=\"font-weight: 400;\">Durante a vig\u00eancia da ata, o \u00f3rg\u00e3o p\u00fablico pode <\/span><b>contratar diretamente<\/b><span style=\"font-weight: 400;\"> com a empresa registrada, sem a necessidade de abrir uma nova licita\u00e7\u00e3o \u2014 desde que respeite os termos e condi\u00e7\u00f5es previamente definidos.<\/span><\/li><\/ol><p><b>Para que ele serve?<\/b><\/p><p><span style=\"font-weight: 400;\">O SRP \u00e9 utilizado para facilitar e agilizar a contrata\u00e7\u00e3o de bens e servi\u00e7os que s\u00e3o <\/span><b>necess\u00e1rios de forma cont\u00ednua ou recorrente<\/b><span style=\"font-weight: 400;\">, mas sem a obrigatoriedade de compra imediata ou definida no momento da licita\u00e7\u00e3o.<\/span><span style=\"font-weight: 400;\"><br \/><\/span><span style=\"font-weight: 400;\">Os principais objetivos do SRP s\u00e3o:<\/span><\/p><ol><li style=\"font-weight: 400;\" aria-level=\"1\"><span style=\"font-weight: 400;\">Evitar a realiza\u00e7\u00e3o de v\u00e1rias licita\u00e7\u00f5es para o mesmo item;<\/span><\/li><li style=\"font-weight: 400;\" aria-level=\"1\"><span style=\"font-weight: 400;\">Garantir pre\u00e7os mais vantajosos para o poder p\u00fablico;<\/span><\/li><li style=\"font-weight: 400;\" aria-level=\"1\"><span style=\"font-weight: 400;\">Agilizar a contrata\u00e7\u00e3o em casos de necessidade;<\/span><\/li><li style=\"font-weight: 400;\" aria-level=\"1\"><span style=\"font-weight: 400;\">Permitir o fracionamento de entregas conforme a demanda.<\/span><\/li><\/ol><p>\u00a0<\/p>\t\t\t\t\t\t\t\t<\/div>\n\t\t\t\t<\/div>\n\t\t\t\t\t<\/div>\n\t\t\t\t<\/div>\n\t\t\t\t<\/div>\n\t\t","protected":false},"excerpt":{"rendered":"<p>O QUE \u00c9 O SISTEMA DE REGISTRO DE PRE\u00c7OS \u2013 SRP ? O Sistema de Registro de Pre\u00e7os (SRP) \u00e9 um procedimento especial de licita\u00e7\u00e3o utilizado para registrar os pre\u00e7os de determinados bens ou servi\u00e7os para que a Administra\u00e7\u00e3o P\u00fablica possa contrat\u00e1-los futuramente, de acordo com a demanda e sem a necessidade de realizar uma [&hellip;]<\/p>\n","protected":false},"author":2,"featured_media":1103,"parent":0,"menu_order":0,"comment_status":"closed","ping_status":"closed","template":"","meta":{"footnotes":""},"class_list":["post-226","page","type-page","status-publish","has-post-thumbnail","hentry"],"_links":{"self":[{"href":"https:\/\/pasnet.com.br\/site\/wp-json\/wp\/v2\/pages\/226","targetHints":{"allow":["GET"]}}],"collection":[{"href":"https:\/\/pasnet.com.br\/site\/wp-json\/wp\/v2\/pages"}],"about":[{"href":"https:\/\/pasnet.com.br\/site\/wp-json\/wp\/v2\/types\/page"}],"author":[{"embeddable":true,"href":"https:\/\/pasnet.com.br\/site\/wp-json\/wp\/v2\/users\/2"}],"replies":[{"embeddable":true,"href":"https:\/\/pasnet.com.br\/site\/wp-json\/wp\/v2\/comments?post=226"}],"version-history":[{"count":20,"href":"https:\/\/pasnet.com.br\/site\/wp-json\/wp\/v2\/pages\/226\/revisions"}],"predecessor-version":[{"id":4406,"href":"https:\/\/pasnet.com.br\/site\/wp-json\/wp\/v2\/pages\/226\/revisions\/4406"}],"wp:featuredmedia":[{"embeddable":true,"href":"https:\/\/pasnet.com.br\/site\/wp-json\/wp\/v2\/media\/1103"}],"wp:attachment":[{"href":"https:\/\/pasnet.com.br\/site\/wp-json\/wp\/v2\/media?parent=226"}],"curies":[{"name":"wp","href":"https:\/\/api.w.org\/{rel}","templated":true}]}}