{"id":220,"date":"2024-09-11T13:49:36","date_gmt":"2024-09-11T16:49:36","guid":{"rendered":"https:\/\/pasnet.com.br\/site\/?page_id=220"},"modified":"2024-09-27T03:16:34","modified_gmt":"2024-09-27T06:16:34","slug":"servicos","status":"publish","type":"page","link":"https:\/\/pasnet.com.br\/site\/servicos\/","title":{"rendered":"Servi\u00e7os"},"content":{"rendered":"\t\t<div data-elementor-type=\"wp-page\" data-elementor-id=\"220\" class=\"elementor elementor-220\" data-elementor-post-type=\"page\">\n\t\t\t\t<div class=\"elementor-element elementor-element-c902f02 e-flex e-con-boxed e-con e-parent\" data-id=\"c902f02\" data-element_type=\"container\" data-settings=\"{&quot;background_background&quot;:&quot;classic&quot;}\">\n\t\t\t\t\t<div class=\"e-con-inner\">\n\t\t\t\t<div class=\"elementor-element elementor-element-b0aa6d9 elementor-widget elementor-widget-heading\" data-id=\"b0aa6d9\" data-element_type=\"widget\" data-widget_type=\"heading.default\">\n\t\t\t\t<div class=\"elementor-widget-container\">\n\t\t\t\t\t<h2 class=\"elementor-heading-title elementor-size-default\">Nossos Servi\u00e7os<\/h2>\t\t\t\t<\/div>\n\t\t\t\t<\/div>\n\t\t\t\t\t<\/div>\n\t\t\t\t<\/div>\n\t\t<div class=\"elementor-element elementor-element-bf0bc8b e-flex e-con-boxed e-con e-parent\" data-id=\"bf0bc8b\" data-element_type=\"container\" data-settings=\"{&quot;background_background&quot;:&quot;classic&quot;}\">\n\t\t\t\t\t<div class=\"e-con-inner\">\n\t\t\t\t<div class=\"elementor-element elementor-element-308d25a elementor-widget elementor-widget-text-editor\" data-id=\"308d25a\" data-element_type=\"widget\" data-widget_type=\"text-editor.default\">\n\t\t\t\t<div class=\"elementor-widget-container\">\n\t\t\t\t\t\t\t\t\t<p style=\"font-weight: 400;\">A PAS \u2013 Projetos Assessoria e Sistemas possui atua\u00e7\u00e3o forte nos v\u00e1rios segmentos da constru\u00e7\u00e3o civil, divididos nas seguintes categorias:<\/p><ul><li style=\"font-weight: 400;\"><b>Governo<\/b>: Projetos para \u00f3rg\u00e3os P\u00fablicos, Licita\u00e7\u00f5es P\u00fablicas, Universidades, Institui\u00e7\u00f5es de ensino, Empresas de Energia El\u00e9trica, Saneamento, Hospitais, Secretarias, Tribunais, Pol\u00edcias, dentre outros.<\/li><li style=\"font-weight: 400;\"><b>Comercial e Industrial<\/b>: Projetos de empresas de pequeno, m\u00e9dio e grande porte.<\/li><li style=\"font-weight: 400;\"><b>Institucional<\/b>: Projetos de igrejas, templos, creches, hospitais, teatros, cinemas e outros.<\/li><li style=\"font-weight: 400;\"><b>Residencial<\/b>: Projetos de casas, sobrados, condom\u00ednios horizontais e verticais e ambientes internos e externos.<\/li><\/ul><p style=\"font-weight: 400;\">Para atender a diversidade de necessidades de nossos clientes, executamos projetos inteligentes e obras com a mais alta qualidade, visando principalmente a sustentabilidade, qualidade, design e funcionalidade na constru\u00e7\u00e3o civil, e atuamos em todo o territ\u00f3rio nacional, oferecendo servi\u00e7os de:<\/p>\t\t\t\t\t\t\t\t<\/div>\n\t\t\t\t<\/div>\n\t\t\t\t<div class=\"elementor-element elementor-element-7a23474 elementor-tabs-view-vertical elementor-widget elementor-widget-tabs\" data-id=\"7a23474\" data-element_type=\"widget\" data-widget_type=\"tabs.default\">\n\t\t\t\t<div class=\"elementor-widget-container\">\n\t\t\t\t\t\t\t<div class=\"elementor-tabs\">\n\t\t\t<div class=\"elementor-tabs-wrapper\" role=\"tablist\" >\n\t\t\t\t\t\t\t\t\t<div id=\"elementor-tab-title-1281\" class=\"elementor-tab-title elementor-tab-desktop-title\" aria-selected=\"true\" data-tab=\"1\" role=\"tab\" tabindex=\"0\" aria-controls=\"elementor-tab-content-1281\" aria-expanded=\"false\">Assessoria<\/div>\n\t\t\t\t\t\t\t\t\t<div id=\"elementor-tab-title-1282\" class=\"elementor-tab-title elementor-tab-desktop-title\" aria-selected=\"false\" data-tab=\"2\" role=\"tab\" tabindex=\"-1\" aria-controls=\"elementor-tab-content-1282\" aria-expanded=\"false\">Laudos de Vistorias e Per\u00edcias T\u00e9cnicas<\/div>\n\t\t\t\t\t\t\t\t\t<div id=\"elementor-tab-title-1283\" class=\"elementor-tab-title elementor-tab-desktop-title\" aria-selected=\"false\" data-tab=\"3\" role=\"tab\" tabindex=\"-1\" aria-controls=\"elementor-tab-content-1283\" aria-expanded=\"false\">Planilhas, Cronogramas e Memoriais<\/div>\n\t\t\t\t\t\t\t\t\t<div id=\"elementor-tab-title-1284\" class=\"elementor-tab-title elementor-tab-desktop-title\" aria-selected=\"false\" data-tab=\"4\" role=\"tab\" tabindex=\"-1\" aria-controls=\"elementor-tab-content-1284\" aria-expanded=\"false\">Projetos de Arquitetura e Interiores<\/div>\n\t\t\t\t\t\t\t\t\t<div id=\"elementor-tab-title-1285\" class=\"elementor-tab-title elementor-tab-desktop-title\" aria-selected=\"false\" data-tab=\"5\" role=\"tab\" tabindex=\"-1\" aria-controls=\"elementor-tab-content-1285\" aria-expanded=\"false\">Projetos de Engenharia Civil<\/div>\n\t\t\t\t\t\t\t\t\t<div id=\"elementor-tab-title-1286\" class=\"elementor-tab-title elementor-tab-desktop-title\" aria-selected=\"false\" data-tab=\"6\" role=\"tab\" tabindex=\"-1\" aria-controls=\"elementor-tab-content-1286\" aria-expanded=\"false\">Projetos de Engenharia e Seguran\u00e7a do Trabalho<\/div>\n\t\t\t\t\t\t\t\t\t<div id=\"elementor-tab-title-1287\" class=\"elementor-tab-title elementor-tab-desktop-title\" aria-selected=\"false\" data-tab=\"7\" role=\"tab\" tabindex=\"-1\" aria-controls=\"elementor-tab-content-1287\" aria-expanded=\"false\">Projetos de Engenharia El\u00e9trica<\/div>\n\t\t\t\t\t\t\t\t\t<div id=\"elementor-tab-title-1288\" class=\"elementor-tab-title elementor-tab-desktop-title\" aria-selected=\"false\" data-tab=\"8\" role=\"tab\" tabindex=\"-1\" aria-controls=\"elementor-tab-content-1288\" aria-expanded=\"false\">Projetos de Engenharia Mec\u00e1nica<\/div>\n\t\t\t\t\t\t\t\t\t<div id=\"elementor-tab-title-1289\" class=\"elementor-tab-title elementor-tab-desktop-title\" aria-selected=\"false\" data-tab=\"9\" role=\"tab\" tabindex=\"-1\" aria-controls=\"elementor-tab-content-1289\" aria-expanded=\"false\">Projetos de Infraestrutura Urbana<\/div>\n\t\t\t\t\t\t\t\t\t<div id=\"elementor-tab-title-12810\" class=\"elementor-tab-title elementor-tab-desktop-title\" aria-selected=\"false\" data-tab=\"10\" role=\"tab\" tabindex=\"-1\" aria-controls=\"elementor-tab-content-12810\" aria-expanded=\"false\">Projetos de Urbanismo e Paisagismo<\/div>\n\t\t\t\t\t\t\t<\/div>\n\t\t\t<div class=\"elementor-tabs-content-wrapper\" role=\"tablist\" aria-orientation=\"vertical\">\n\t\t\t\t\t\t\t\t\t<div class=\"elementor-tab-title elementor-tab-mobile-title\" aria-selected=\"true\" data-tab=\"1\" role=\"tab\" tabindex=\"0\" aria-controls=\"elementor-tab-content-1281\" aria-expanded=\"false\">Assessoria<\/div>\n\t\t\t\t\t<div id=\"elementor-tab-content-1281\" class=\"elementor-tab-content elementor-clearfix\" data-tab=\"1\" role=\"tabpanel\" aria-labelledby=\"elementor-tab-title-1281\" tabindex=\"0\" hidden=\"false\"><p>A empresa presta Assessoria completa aos munic\u00edpios, a qual consiste em cadastramento e acompanhamento at\u00e9 a aprova\u00e7\u00e3o e publica\u00e7\u00e3o dos empenhos relativos \u00e0 conv\u00eanios e contratos de repasse das propostas nas diversas plataformas do Governo Federal (Mais Brasil, FNS, SISMOB). Auxiliamos ainda na busca de recursos, na atualiza\u00e7\u00e3o de informa\u00e7\u00f5es das portarias interministeriais, na elabora\u00e7\u00e3o de projetos b\u00e1sicos para aquisi\u00e7\u00e3o de equipamentos e materiais permanentes, na confec\u00e7\u00e3o de formul\u00e1rios e requerimentos junto aos \u00f3rg\u00e3os de licenciamento ambiental, e controle de protocolos. Realizamos contatos com analistas do governo para acompanhamento individual dos conv\u00eanios em andamento e contato com assessores parlamentares para orienta\u00e7\u00e3o quanto aos valores para disponibiliza\u00e7\u00e3o de emendas.<\/p><\/div>\n\t\t\t\t\t\t\t\t\t<div class=\"elementor-tab-title elementor-tab-mobile-title\" aria-selected=\"false\" data-tab=\"2\" role=\"tab\" tabindex=\"-1\" aria-controls=\"elementor-tab-content-1282\" aria-expanded=\"false\">Laudos de Vistorias e Per\u00edcias T\u00e9cnicas<\/div>\n\t\t\t\t\t<div id=\"elementor-tab-content-1282\" class=\"elementor-tab-content elementor-clearfix\" data-tab=\"2\" role=\"tabpanel\" aria-labelledby=\"elementor-tab-title-1282\" tabindex=\"0\" hidden=\"hidden\"><p>&#8211; Laudos de vistoria de im\u00f3veis de vizinhan\u00e7a para in\u00edcio de obra, durante a execu\u00e7\u00e3o e entrega de obras<br \/>&#8211; Laudos t\u00e9cnico de patologia das constru\u00e7\u00f5es e instala\u00e7\u00f5es el\u00e9tricas<br \/>&#8211; Per\u00edcias t\u00e9cnicas em Engenharia Civil, El\u00e9trica e Seguran\u00e7a do trabalho<\/p><\/div>\n\t\t\t\t\t\t\t\t\t<div class=\"elementor-tab-title elementor-tab-mobile-title\" aria-selected=\"false\" data-tab=\"3\" role=\"tab\" tabindex=\"-1\" aria-controls=\"elementor-tab-content-1283\" aria-expanded=\"false\">Planilhas, Cronogramas e Memoriais<\/div>\n\t\t\t\t\t<div id=\"elementor-tab-content-1283\" class=\"elementor-tab-content elementor-clearfix\" data-tab=\"3\" role=\"tabpanel\" aria-labelledby=\"elementor-tab-title-1283\" tabindex=\"0\" hidden=\"hidden\"><p>&#8211; Elabora\u00e7\u00e3o de Planilhas Or\u00e7ament\u00e1ria<br \/>&#8211; Or\u00e7amento de Obras<br \/>&#8211; Planilhas de c\u00e1lculo de BDI<br \/>&#8211; Memoriais Descritivos<br \/>&#8211; Listas de Materiais<br \/>&#8211; Cronograma de Obra<br \/>&#8211; Cronograma F\u00edsico-Financeiro<br \/>&#8211; Execu\u00e7\u00e3o de Laudos T\u00e9cnicos<\/p><\/div>\n\t\t\t\t\t\t\t\t\t<div class=\"elementor-tab-title elementor-tab-mobile-title\" aria-selected=\"false\" data-tab=\"4\" role=\"tab\" tabindex=\"-1\" aria-controls=\"elementor-tab-content-1284\" aria-expanded=\"false\">Projetos de Arquitetura e Interiores<\/div>\n\t\t\t\t\t<div id=\"elementor-tab-content-1284\" class=\"elementor-tab-content elementor-clearfix\" data-tab=\"4\" role=\"tabpanel\" aria-labelledby=\"elementor-tab-title-1284\" tabindex=\"0\" hidden=\"hidden\"><p>&#8211; Desenvolvimento T\u00e9cnico de Projetos Arquitet\u00f4nicos (estudos preliminares, anteprojetos, projetos b\u00e1sicos e executivos)<br \/>&#8211; Projetos Executivos de Acabamentos<br \/>&#8211; Projetos de Interiores (decora\u00e7\u00e3o\/design de m\u00f3veis)<br \/>&#8211; Elabora\u00e7\u00e3o do PGRS (Plano de Gerenciamento de Res\u00edduos S\u00f3lidos)<br \/>&#8211; Projetos de Acessibilidade P.C.D. (Pessoas com Defici\u00eancias)<br \/>&#8211; Projetos Luminot\u00e9cnicos<br \/>&#8211; Projetos de Comunica\u00e7\u00e3o e &#8211; Sinaliza\u00e7\u00e3o Visual<br \/>&#8211; Maquete Eletr\u00f4nica (3D)<br \/>&#8211; Compatibiliza\u00e7\u00e3o de Projetos<br \/>&#8211; Processo de aprova\u00e7\u00e3o de projetos arquitet\u00f4nicos e estudos de viabilidade para projetos de constru\u00e7\u00e3o;<\/p><\/div>\n\t\t\t\t\t\t\t\t\t<div class=\"elementor-tab-title elementor-tab-mobile-title\" aria-selected=\"false\" data-tab=\"5\" role=\"tab\" tabindex=\"-1\" aria-controls=\"elementor-tab-content-1285\" aria-expanded=\"false\">Projetos de Engenharia Civil<\/div>\n\t\t\t\t\t<div id=\"elementor-tab-content-1285\" class=\"elementor-tab-content elementor-clearfix\" data-tab=\"5\" role=\"tabpanel\" aria-labelledby=\"elementor-tab-title-1285\" tabindex=\"0\" hidden=\"hidden\"><p>&#8211; Projetos de Funda\u00e7\u00f5es<br \/>&#8211; Projetos Estruturais em concreto Armado<br \/>&#8211; Projetos Estruturais pr\u00e9-moldados<br \/>&#8211; Projetos Estruturais em Alvenaria Estrutural<br \/>&#8211; Projetos Estruturais em Madeira<br \/>&#8211; Projetos de Estrutura Met\u00e1lica<br \/>&#8211; Estruturas especiais em \u201cLight Steel Frame\u201d e\u00a0 \u201cHi-Tech\u201d<br \/>&#8211;\u00a0Projetos Hidr\u00e1ulicos e Sanit\u00e1rios<br \/>&#8211;\u00a0Projetos de Drenagem<br \/>&#8211;\u00a0Projetos de Impermeabiliza\u00e7\u00e3o<\/p><\/div>\n\t\t\t\t\t\t\t\t\t<div class=\"elementor-tab-title elementor-tab-mobile-title\" aria-selected=\"false\" data-tab=\"6\" role=\"tab\" tabindex=\"-1\" aria-controls=\"elementor-tab-content-1286\" aria-expanded=\"false\">Projetos de Engenharia e Seguran\u00e7a do Trabalho<\/div>\n\t\t\t\t\t<div id=\"elementor-tab-content-1286\" class=\"elementor-tab-content elementor-clearfix\" data-tab=\"6\" role=\"tabpanel\" aria-labelledby=\"elementor-tab-title-1286\" tabindex=\"0\" hidden=\"hidden\"><p>&#8211; Conte\u00fado da aba<\/p><\/div>\n\t\t\t\t\t\t\t\t\t<div class=\"elementor-tab-title elementor-tab-mobile-title\" aria-selected=\"false\" data-tab=\"7\" role=\"tab\" tabindex=\"-1\" aria-controls=\"elementor-tab-content-1287\" aria-expanded=\"false\">Projetos de Engenharia El\u00e9trica<\/div>\n\t\t\t\t\t<div id=\"elementor-tab-content-1287\" class=\"elementor-tab-content elementor-clearfix\" data-tab=\"7\" role=\"tabpanel\" aria-labelledby=\"elementor-tab-title-1287\" tabindex=\"0\" hidden=\"hidden\"><p>&#8211; \u00a0Projetos de Subesta\u00e7\u00f5es, aterramentos e prote\u00e7\u00e3o de sistemas<br \/>&#8211; \u00a0Projetos El\u00e9trico e Telef\u00f4nico<br \/>&#8211; \u00a0Projetos de Rede L\u00f3gica<br \/>&#8211; \u00a0Projetos de Automa\u00e7\u00e3o Predial<br \/>&#8211; \u00a0Projetos de Seguran\u00e7a Predial<br \/>&#8211; \u00a0CFTV \u2013 Circuito Fechado de TV<br \/>&#8211; \u00a0SPDA &#8211; Sistemas de Prote\u00e7\u00e3o de Descargas Atmosf\u00e9ricas<br \/>&#8211; \u00a0Projetos de Sonoriza\u00e7\u00e3o<br \/>&#8211; \u00a0Projetos de energia limpa renov\u00e1vel<\/p><\/div>\n\t\t\t\t\t\t\t\t\t<div class=\"elementor-tab-title elementor-tab-mobile-title\" aria-selected=\"false\" data-tab=\"8\" role=\"tab\" tabindex=\"-1\" aria-controls=\"elementor-tab-content-1288\" aria-expanded=\"false\">Projetos de Engenharia Mec\u00e1nica<\/div>\n\t\t\t\t\t<div id=\"elementor-tab-content-1288\" class=\"elementor-tab-content elementor-clearfix\" data-tab=\"8\" role=\"tabpanel\" aria-labelledby=\"elementor-tab-title-1288\" tabindex=\"0\" hidden=\"hidden\"><div class=\"offset-top-30\"><p>&#8211; \u00a0Projetos de Climatiza\u00e7\u00e3o<\/p><\/div><div class=\"offset-top-30 offset-md-top-66\"><div class=\"pull-sm-left\">\u00a0<\/div><div class=\"pull-sm-right\"><div class=\"d-inline-block inset-right-20\">\u00a0<\/div><\/div><\/div><\/div>\n\t\t\t\t\t\t\t\t\t<div class=\"elementor-tab-title elementor-tab-mobile-title\" aria-selected=\"false\" data-tab=\"9\" role=\"tab\" tabindex=\"-1\" aria-controls=\"elementor-tab-content-1289\" aria-expanded=\"false\">Projetos de Infraestrutura Urbana<\/div>\n\t\t\t\t\t<div id=\"elementor-tab-content-1289\" class=\"elementor-tab-content elementor-clearfix\" data-tab=\"9\" role=\"tabpanel\" aria-labelledby=\"elementor-tab-title-1289\" tabindex=\"0\" hidden=\"hidden\"><p>&#8211; \u00a0Terraplanagem<br \/>&#8211; \u00a0Pavimenta\u00e7\u00e3o Asf\u00e1ltica<br \/>&#8211; \u00a0Pavimenta\u00e7\u00e3o de concreto<br \/>&#8211; \u00a0Rede de distribui\u00e7\u00e3o de \u00e1guas<br \/>&#8211; \u00a0Rede de distribui\u00e7\u00e3o de Energia El\u00e9trica<br \/>&#8211; \u00a0Rede de Ilumina\u00e7\u00e3o P\u00fablica<br \/>&#8211; \u00a0Rede de Esgoto<br \/>&#8211; \u00a0Projetos de Pontes<br \/>&#8211; \u00a0Rede de Drenagem de \u00e1guas pluviais<\/p><\/div>\n\t\t\t\t\t\t\t\t\t<div class=\"elementor-tab-title elementor-tab-mobile-title\" aria-selected=\"false\" data-tab=\"10\" role=\"tab\" tabindex=\"-1\" aria-controls=\"elementor-tab-content-12810\" aria-expanded=\"false\">Projetos de Urbanismo e Paisagismo<\/div>\n\t\t\t\t\t<div id=\"elementor-tab-content-12810\" class=\"elementor-tab-content elementor-clearfix\" data-tab=\"10\" role=\"tabpanel\" aria-labelledby=\"elementor-tab-title-12810\" tabindex=\"0\" hidden=\"hidden\"><p>&#8211; \u00a0Projeto de Urbanismo<br \/>&#8211; \u00a0Projeto de parcelamento de lotes<br \/>&#8211; \u00a0Memorial descritivo de parcelamento de solo<br \/>&#8211; \u00a0Projeto de Sistema Vi\u00e1rio (SMTU)<br \/>&#8211; \u00a0Estudos e relat\u00f3rios ambientais e florestais como: Estudo de Impacto de Vizinhan\u00e7a, Relat\u00f3rio de Impacto de Vizinhan\u00e7a e Relat\u00f3rio de Impacto de Tr\u00e2nsito (EIV\/RIV\/RIT), EIS\/EIR\/RAP\/EIA-RIMA, PEAR, EAS,MCE, PBA, PCA E PRAD<br \/>&#8211; \u00a0Projetos de Paisagismo<\/p><\/div>\n\t\t\t\t\t\t\t<\/div>\n\t\t<\/div>\n\t\t\t\t\t\t<\/div>\n\t\t\t\t<\/div>\n\t\t\t\t\t<\/div>\n\t\t\t\t<\/div>\n\t\t\t\t<\/div>\n\t\t","protected":false},"excerpt":{"rendered":"<p>Nossos Servi\u00e7os A PAS \u2013 Projetos Assessoria e Sistemas possui atua\u00e7\u00e3o forte nos v\u00e1rios segmentos da constru\u00e7\u00e3o civil, divididos nas seguintes categorias: Governo: Projetos para \u00f3rg\u00e3os P\u00fablicos, Licita\u00e7\u00f5es P\u00fablicas, Universidades, Institui\u00e7\u00f5es de ensino, Empresas de Energia El\u00e9trica, Saneamento, Hospitais, Secretarias, Tribunais, Pol\u00edcias, dentre outros. Comercial e Industrial: Projetos de empresas de pequeno, m\u00e9dio e grande [&hellip;]<\/p>\n","protected":false},"author":2,"featured_media":1103,"parent":0,"menu_order":0,"comment_status":"closed","ping_status":"closed","template":"elementor_header_footer","meta":{"footnotes":""},"class_list":["post-220","page","type-page","status-publish","has-post-thumbnail","hentry"],"_links":{"self":[{"href":"https:\/\/pasnet.com.br\/site\/wp-json\/wp\/v2\/pages\/220","targetHints":{"allow":["GET"]}}],"collection":[{"href":"https:\/\/pasnet.com.br\/site\/wp-json\/wp\/v2\/pages"}],"about":[{"href":"https:\/\/pasnet.com.br\/site\/wp-json\/wp\/v2\/types\/page"}],"author":[{"embeddable":true,"href":"https:\/\/pasnet.com.br\/site\/wp-json\/wp\/v2\/users\/2"}],"replies":[{"embeddable":true,"href":"https:\/\/pasnet.com.br\/site\/wp-json\/wp\/v2\/comments?post=220"}],"version-history":[{"count":20,"href":"https:\/\/pasnet.com.br\/site\/wp-json\/wp\/v2\/pages\/220\/revisions"}],"predecessor-version":[{"id":1275,"href":"https:\/\/pasnet.com.br\/site\/wp-json\/wp\/v2\/pages\/220\/revisions\/1275"}],"wp:featuredmedia":[{"embeddable":true,"href":"https:\/\/pasnet.com.br\/site\/wp-json\/wp\/v2\/media\/1103"}],"wp:attachment":[{"href":"https:\/\/pasnet.com.br\/site\/wp-json\/wp\/v2\/media?parent=220"}],"curies":[{"name":"wp","href":"https:\/\/api.w.org\/{rel}","templated":true}]}}