{"id":217,"date":"2024-09-11T13:49:02","date_gmt":"2024-09-11T16:49:02","guid":{"rendered":"https:\/\/pasnet.com.br\/site\/?page_id=217"},"modified":"2025-09-26T15:53:05","modified_gmt":"2025-09-26T18:53:05","slug":"a-empresa","status":"publish","type":"page","link":"https:\/\/pasnet.com.br\/site\/a-empresa\/","title":{"rendered":"A Empresa"},"content":{"rendered":"\t\t<div data-elementor-type=\"wp-page\" data-elementor-id=\"217\" class=\"elementor elementor-217\" data-elementor-post-type=\"page\">\n\t\t\t\t<div class=\"elementor-element elementor-element-b8a7783 e-flex e-con-boxed e-con e-parent\" data-id=\"b8a7783\" data-element_type=\"container\" data-settings=\"{&quot;background_background&quot;:&quot;classic&quot;}\">\n\t\t\t\t\t<div class=\"e-con-inner\">\n\t\t\t\t<div class=\"elementor-element elementor-element-4c15a66 elementor-widget elementor-widget-heading\" data-id=\"4c15a66\" data-element_type=\"widget\" data-widget_type=\"heading.default\">\n\t\t\t\t<div class=\"elementor-widget-container\">\n\t\t\t\t\t<h2 class=\"elementor-heading-title elementor-size-default\">A Empresa<\/h2>\t\t\t\t<\/div>\n\t\t\t\t<\/div>\n\t\t\t\t\t<\/div>\n\t\t\t\t<\/div>\n\t\t<div class=\"elementor-element elementor-element-2d9bc06e e-flex e-con-boxed e-con e-parent\" data-id=\"2d9bc06e\" data-element_type=\"container\">\n\t\t\t\t\t<div class=\"e-con-inner\">\n\t\t\t\t<div class=\"elementor-element elementor-element-5036770a elementor-widget elementor-widget-text-editor\" data-id=\"5036770a\" data-element_type=\"widget\" data-widget_type=\"text-editor.default\">\n\t\t\t\t<div class=\"elementor-widget-container\">\n\t\t\t\t\t\t\t\t\t<p><b>Sobre a PAS \u2013 Projetos&nbsp;<\/b><\/p>\n<p><span style=\"font-weight: 400;\">Com mais de 18 anos de experi\u00eancia, a PAS \u00e9 refer\u00eancia em engenharia e assessoria p\u00fablica, tendo realizado mais de 10.000 projetos com excel\u00eancia e responsabilidade. Nossa trajet\u00f3ria s\u00f3lida se baseia em um trabalho de qualidade e compromisso com os melhores resultados.<\/span><\/p>\n<p><b>Miss\u00e3o<\/b><\/p>\n<p><span style=\"font-weight: 400;\">Projetar e implementar solu\u00e7\u00f5es de engenharia de alta complexidade, utilizando tecnologias avan\u00e7adas e metodologias inovadoras para otimizar a efici\u00eancia operacional, garantir a seguran\u00e7a dos processos e promover a sustentabilidade em cada etapa, sempre com foco na excel\u00eancia t\u00e9cnica e na satisfa\u00e7\u00e3o dos clientes.<\/span><\/p>\n<p><b>Vis\u00e3o<\/b><\/p>\n<p><span style=\"font-weight: 400;\">Tornar-se l\u00edder no desenvolvimento de projetos de engenharia de ponta, integrando tecnologias emergentes como automa\u00e7\u00e3o, modelagem BIM e simula\u00e7\u00f5es digitais para fornecer solu\u00e7\u00f5es precisas, sustent\u00e1veis e economicamente vi\u00e1veis, reconhecida pela expertise t\u00e9cnica e pelo compromisso com a inova\u00e7\u00e3o cont\u00ednua.<\/span><\/p>\n<p><b>Valores<\/b><\/p>\n<p><b>Transpar\u00eancia:<\/b><span style=\"font-weight: 400;\"> Atuamos de forma \u00e9tica e transparente, prezando pela confian\u00e7a e integridade em todas as nossas intera\u00e7\u00f5es com \u00f3rg\u00e3os p\u00fablicos.<\/span><\/p>\n<p><b>Inova\u00e7\u00e3o:<\/b><span style=\"font-weight: 400;\"> Buscamos solu\u00e7\u00f5es criativas e tecnol\u00f3gicas que agreguem valor aos projetos, superando as expectativas dos nossos clientes.<\/span><\/p>\n<p><b>Sustentabilidade:<\/b><span style=\"font-weight: 400;\"> Promovemos pr\u00e1ticas que respeitam o meio ambiente e estimulam o desenvolvimento sustent\u00e1vel em todos os nossos projetos.<\/span><\/p>\n<p><b>Compromisso com a Qualidade:<\/b><span style=\"font-weight: 400;\"> Garantimos excel\u00eancia t\u00e9cnica e precis\u00e3o em cada fase, seja em projetos para o setor p\u00fablico ou privado.<\/span><\/p>\n<p><b>\u00c9tica e Transpar\u00eancia:<\/b><span style=\"font-weight: 400;\"> Atuamos com integridade, responsabilidade e clareza, assegurando a confian\u00e7a em nossas rela\u00e7\u00f5es comerciais e institucionais.<\/span><\/p>\n<p><b>Efici\u00eancia:<\/b><span style=\"font-weight: 400;\"> Entregamos solu\u00e7\u00f5es otimizadas que aproveitam ao m\u00e1ximo os recursos dispon\u00edveis, especialmente em projetos para o setor p\u00fablico, com foco no impacto social e no desenvolvimento comunit\u00e1rio, sempre otimizando o uso dos recursos p\u00fablicos, garantindo que cada projeto traga o melhor retorno para a sociedade.<\/span><\/p>\n<p><b>Respeito \u00e0s Normas e Legisla\u00e7\u00f5es:<\/b><span style=\"font-weight: 400;\"> Cumprimos rigorosamente as exig\u00eancias legais e regulamentares aplic\u00e1veis a cada projeto, garantindo seguran\u00e7a e conformidade.<\/span><\/p>\n<p><b>Responsabilidade Social:<\/b><span style=\"font-weight: 400;\"> Nossos projetos buscam contribuir para a melhoria da qualidade de vida da sociedade, respeitando o bem-estar das comunidades envolvidas.<\/span><\/p>\n<p><b>LINK PARA DOWNLOAD DO PORTF\u00d3LIO DA EMPRESA<\/b><\/p>\t\t\t\t\t\t\t\t<\/div>\n\t\t\t\t<\/div>\n\t\t\t\t\t<\/div>\n\t\t\t\t<\/div>\n\t\t<div class=\"elementor-element elementor-element-08ccf81 e-flex e-con-boxed e-con e-parent\" data-id=\"08ccf81\" data-element_type=\"container\">\n\t\t\t\t\t<div class=\"e-con-inner\">\n\t\t\t\t<div class=\"elementor-element elementor-element-3003cbf elementor-widget elementor-widget-heading\" data-id=\"3003cbf\" data-element_type=\"widget\" data-widget_type=\"heading.default\">\n\t\t\t\t<div class=\"elementor-widget-container\">\n\t\t\t\t\t<h2 class=\"elementor-heading-title elementor-size-default\">Equipe T\u00e9cnica Multidisciplinar<\/h2>\t\t\t\t<\/div>\n\t\t\t\t<\/div>\n\t\t\t\t<div class=\"elementor-element elementor-element-46b64d0 elementor-widget elementor-widget-text-editor\" data-id=\"46b64d0\" data-element_type=\"widget\" data-widget_type=\"text-editor.default\">\n\t\t\t\t<div class=\"elementor-widget-container\">\n\t\t\t\t\t\t\t\t\t<ul>\n<li>\u2060Arquitetos e Urbanistas;<\/li>\n<li>T\u00e9cnicos em Edifica\u00e7\u00f5es;<\/li>\n<li>Engenheiros Civis;<\/li>\n<li>Eletrot\u00e9cnico;<\/li>\n<li>\u2060Engenheiros de Seguran\u00e7a do Trabalho;<\/li>\n<li>Assistente Social;<\/li>\n<li>Engenheiros Eletricistas;<\/li>\n<li>Advogado;<\/li>\n<li>Engenheiros Sanitaristas;<\/li>\n<li>Contador;<\/li>\n<li>Engenheiros Ambientais;<\/li>\n<li>Projetistas;<\/li>\n<li>Engenheiros Agrimensores;<\/li>\n<li>\u2060Cadistas;<\/li>\n<li>\u2060Engenheiros Mec\u00e2nicos;<\/li>\n<li>\u2060Estagi\u00e1rios de Arquitetura e Urbanismo\/Engenharia Civil;<\/li>\n<li>\u2060Ge\u00f3logos;<\/li>\n<li>\u2060T\u00e9cnicos em Agrimensura;<\/li>\n<li>\u2060Engenheiro de Software.<\/li>\n<\/ul>\t\t\t\t\t\t\t\t<\/div>\n\t\t\t\t<\/div>\n\t\t\t\t\t<\/div>\n\t\t\t\t<\/div>\n\t\t<div class=\"elementor-element elementor-element-ee32f7b e-flex e-con-boxed e-con e-parent\" data-id=\"ee32f7b\" data-element_type=\"container\">\n\t\t\t\t\t<div class=\"e-con-inner\">\n\t\t\t\t<div class=\"elementor-element elementor-element-9b477f1 elementor-widget__width-inherit elementor-arrows-position-inside elementor-widget elementor-widget-image-carousel\" data-id=\"9b477f1\" data-element_type=\"widget\" data-settings=\"{&quot;slides_to_show&quot;:&quot;5&quot;,&quot;slides_to_scroll&quot;:&quot;5&quot;,&quot;navigation&quot;:&quot;arrows&quot;,&quot;autoplay&quot;:&quot;yes&quot;,&quot;pause_on_hover&quot;:&quot;yes&quot;,&quot;pause_on_interaction&quot;:&quot;yes&quot;,&quot;autoplay_speed&quot;:5000,&quot;infinite&quot;:&quot;yes&quot;,&quot;speed&quot;:500}\" data-widget_type=\"image-carousel.default\">\n\t\t\t\t<div class=\"elementor-widget-container\">\n\t\t\t\t\t\t\t<div class=\"elementor-image-carousel-wrapper swiper\" role=\"region\" aria-roledescription=\"carousel\" aria-label=\"Carrossel de imagens\" dir=\"ltr\">\n\t\t\t<div class=\"elementor-image-carousel swiper-wrapper\" aria-live=\"off\">\n\t\t\t\t\t\t\t\t<div class=\"swiper-slide\" role=\"group\" aria-roledescription=\"slide\" aria-label=\"1 de 10\"><a data-elementor-open-lightbox=\"yes\" data-elementor-lightbox-slideshow=\"9b477f1\" data-e-action-hash=\"#elementor-action%3Aaction%3Dlightbox%26settings%3DeyJpZCI6NzUyLCJ1cmwiOiJodHRwczpcL1wvcGFzbmV0LmNvbS5iclwvc2l0ZVwvd3AtY29udGVudFwvdXBsb2Fkc1wvMjAyNFwvMDlcLzAzLVBBVklNRU5UTy1USVBPLTYucG5nIiwic2xpZGVzaG93IjoiOWI0NzdmMSJ9\" href=\"https:\/\/pasnet.com.br\/site\/wp-content\/uploads\/2024\/09\/03-PAVIMENTO-TIPO-6.png\"><figure class=\"swiper-slide-inner\"><img decoding=\"async\" class=\"swiper-slide-image\" src=\"https:\/\/pasnet.com.br\/site\/wp-content\/uploads\/2024\/09\/03-PAVIMENTO-TIPO-6.png\" alt=\"03-PAVIMENTO TIPO (6)\" \/><\/figure><\/a><\/div><div class=\"swiper-slide\" role=\"group\" aria-roledescription=\"slide\" aria-label=\"2 de 10\"><a data-elementor-open-lightbox=\"yes\" data-elementor-lightbox-slideshow=\"9b477f1\" data-e-action-hash=\"#elementor-action%3Aaction%3Dlightbox%26settings%3DeyJpZCI6NzQ5LCJ1cmwiOiJodHRwczpcL1wvcGFzbmV0LmNvbS5iclwvc2l0ZVwvd3AtY29udGVudFwvdXBsb2Fkc1wvMjAyNFwvMDlcL1doYXRzQXBwLUltYWdlLTIwMjMtMDMtMjAtYXQtMDIuNTQuMTQtNi5qcGVnIiwic2xpZGVzaG93IjoiOWI0NzdmMSJ9\" href=\"https:\/\/pasnet.com.br\/site\/wp-content\/uploads\/2024\/09\/WhatsApp-Image-2023-03-20-at-02.54.14-6.jpeg\"><figure class=\"swiper-slide-inner\"><img decoding=\"async\" class=\"swiper-slide-image\" src=\"https:\/\/pasnet.com.br\/site\/wp-content\/uploads\/2024\/09\/WhatsApp-Image-2023-03-20-at-02.54.14-6.jpeg\" alt=\"WhatsApp Image 2023-03-20 at 02.54.14 (6)\" \/><\/figure><\/a><\/div><div class=\"swiper-slide\" role=\"group\" aria-roledescription=\"slide\" aria-label=\"3 de 10\"><a data-elementor-open-lightbox=\"yes\" data-elementor-lightbox-slideshow=\"9b477f1\" data-e-action-hash=\"#elementor-action%3Aaction%3Dlightbox%26settings%3DeyJpZCI6NzQzLCJ1cmwiOiJodHRwczpcL1wvcGFzbmV0LmNvbS5iclwvc2l0ZVwvd3AtY29udGVudFwvdXBsb2Fkc1wvMjAyNFwvMDlcL1doYXRzQXBwLUltYWdlLTIwMjMtMDYtMDktYXQtMDAuMzQuMzUtNi0xLmpwZWciLCJzbGlkZXNob3ciOiI5YjQ3N2YxIn0%3D\" href=\"https:\/\/pasnet.com.br\/site\/wp-content\/uploads\/2024\/09\/WhatsApp-Image-2023-06-09-at-00.34.35-6-1.jpeg\"><figure class=\"swiper-slide-inner\"><img decoding=\"async\" class=\"swiper-slide-image\" src=\"https:\/\/pasnet.com.br\/site\/wp-content\/uploads\/2024\/09\/WhatsApp-Image-2023-06-09-at-00.34.35-6-1.jpeg\" alt=\"WhatsApp Image 2023-06-09 at 00.34.35 (6)\" \/><\/figure><\/a><\/div><div class=\"swiper-slide\" role=\"group\" aria-roledescription=\"slide\" aria-label=\"4 de 10\"><a data-elementor-open-lightbox=\"yes\" data-elementor-lightbox-slideshow=\"9b477f1\" data-e-action-hash=\"#elementor-action%3Aaction%3Dlightbox%26settings%3DeyJpZCI6NzMzLCJ1cmwiOiJodHRwczpcL1wvcGFzbmV0LmNvbS5iclwvc2l0ZVwvd3AtY29udGVudFwvdXBsb2Fkc1wvMjAyNFwvMDlcL1doYXRzQXBwLUltYWdlLTIwMjMtMDMtMjUtYXQtMjIuMzkuMjgtNC5qcGVnIiwic2xpZGVzaG93IjoiOWI0NzdmMSJ9\" href=\"https:\/\/pasnet.com.br\/site\/wp-content\/uploads\/2024\/09\/WhatsApp-Image-2023-03-25-at-22.39.28-4.jpeg\"><figure class=\"swiper-slide-inner\"><img decoding=\"async\" class=\"swiper-slide-image\" src=\"https:\/\/pasnet.com.br\/site\/wp-content\/uploads\/2024\/09\/WhatsApp-Image-2023-03-25-at-22.39.28-4.jpeg\" alt=\"WhatsApp Image 2023-03-25 at 22.39.28 (4)\" \/><\/figure><\/a><\/div><div class=\"swiper-slide\" role=\"group\" aria-roledescription=\"slide\" aria-label=\"5 de 10\"><a data-elementor-open-lightbox=\"yes\" data-elementor-lightbox-slideshow=\"9b477f1\" data-e-action-hash=\"#elementor-action%3Aaction%3Dlightbox%26settings%3DeyJpZCI6NzIwLCJ1cmwiOiJodHRwczpcL1wvcGFzbmV0LmNvbS5iclwvc2l0ZVwvd3AtY29udGVudFwvdXBsb2Fkc1wvMjAyNFwvMDlcLzAyLmpwZyIsInNsaWRlc2hvdyI6IjliNDc3ZjEifQ%3D%3D\" href=\"https:\/\/pasnet.com.br\/site\/wp-content\/uploads\/2024\/09\/02.jpg\"><figure class=\"swiper-slide-inner\"><img decoding=\"async\" class=\"swiper-slide-image\" src=\"https:\/\/pasnet.com.br\/site\/wp-content\/uploads\/2024\/09\/02.jpg\" alt=\"02\" \/><\/figure><\/a><\/div><div class=\"swiper-slide\" role=\"group\" aria-roledescription=\"slide\" aria-label=\"6 de 10\"><a data-elementor-open-lightbox=\"yes\" data-elementor-lightbox-slideshow=\"9b477f1\" data-e-action-hash=\"#elementor-action%3Aaction%3Dlightbox%26settings%3DeyJpZCI6Njk2LCJ1cmwiOiJodHRwczpcL1wvcGFzbmV0LmNvbS5iclwvc2l0ZVwvd3AtY29udGVudFwvdXBsb2Fkc1wvMjAyNFwvMDlcLzM0LmpwZyIsInNsaWRlc2hvdyI6IjliNDc3ZjEifQ%3D%3D\" href=\"https:\/\/pasnet.com.br\/site\/wp-content\/uploads\/2024\/09\/34.jpg\"><figure class=\"swiper-slide-inner\"><img decoding=\"async\" class=\"swiper-slide-image\" src=\"https:\/\/pasnet.com.br\/site\/wp-content\/uploads\/2024\/09\/34.jpg\" alt=\"34\" \/><\/figure><\/a><\/div><div class=\"swiper-slide\" role=\"group\" aria-roledescription=\"slide\" aria-label=\"7 de 10\"><a data-elementor-open-lightbox=\"yes\" data-elementor-lightbox-slideshow=\"9b477f1\" data-e-action-hash=\"#elementor-action%3Aaction%3Dlightbox%26settings%3DeyJpZCI6Njc3LCJ1cmwiOiJodHRwczpcL1wvcGFzbmV0LmNvbS5iclwvc2l0ZVwvd3AtY29udGVudFwvdXBsb2Fkc1wvMjAyNFwvMDlcLzAzX1Bob3RvLTIzLndlYnAiLCJzbGlkZXNob3ciOiI5YjQ3N2YxIn0%3D\" href=\"https:\/\/pasnet.com.br\/site\/wp-content\/uploads\/2024\/09\/03_Photo-23.webp\"><figure class=\"swiper-slide-inner\"><img decoding=\"async\" class=\"swiper-slide-image\" src=\"https:\/\/pasnet.com.br\/site\/wp-content\/uploads\/2024\/09\/03_Photo-23.webp\" alt=\"03_Photo - 23\" \/><\/figure><\/a><\/div><div class=\"swiper-slide\" role=\"group\" aria-roledescription=\"slide\" aria-label=\"8 de 10\"><a data-elementor-open-lightbox=\"yes\" data-elementor-lightbox-slideshow=\"9b477f1\" data-e-action-hash=\"#elementor-action%3Aaction%3Dlightbox%26settings%3DeyJpZCI6MzQwLCJ1cmwiOiJodHRwczpcL1wvcGFzbmV0LmNvbS5iclwvc2l0ZVwvd3AtY29udGVudFwvdXBsb2Fkc1wvMjAyNFwvMDlcL1doYXRzQXBwLUltYWdlLTIwMjMtMDQtMDktYXQtMjMuNDUuMTctMTcuanBlZyIsInNsaWRlc2hvdyI6IjliNDc3ZjEifQ%3D%3D\" href=\"https:\/\/pasnet.com.br\/site\/wp-content\/uploads\/2024\/09\/WhatsApp-Image-2023-04-09-at-23.45.17-17.jpeg\"><figure class=\"swiper-slide-inner\"><img decoding=\"async\" class=\"swiper-slide-image\" src=\"https:\/\/pasnet.com.br\/site\/wp-content\/uploads\/2024\/09\/WhatsApp-Image-2023-04-09-at-23.45.17-17.jpeg\" alt=\"WhatsApp Image 2023-04-09 at 23.45.17 (17)\" \/><\/figure><\/a><\/div><div class=\"swiper-slide\" role=\"group\" aria-roledescription=\"slide\" aria-label=\"9 de 10\"><a data-elementor-open-lightbox=\"yes\" data-elementor-lightbox-slideshow=\"9b477f1\" data-e-action-hash=\"#elementor-action%3Aaction%3Dlightbox%26settings%3DeyJpZCI6Njc0LCJ1cmwiOiJodHRwczpcL1wvcGFzbmV0LmNvbS5iclwvc2l0ZVwvd3AtY29udGVudFwvdXBsb2Fkc1wvMjAyNFwvMDlcLzAzX1Bob3RvLTIzLnBuZyIsInNsaWRlc2hvdyI6IjliNDc3ZjEifQ%3D%3D\" href=\"https:\/\/pasnet.com.br\/site\/wp-content\/uploads\/2024\/09\/03_Photo-23.png\"><figure class=\"swiper-slide-inner\"><img decoding=\"async\" class=\"swiper-slide-image\" src=\"https:\/\/pasnet.com.br\/site\/wp-content\/uploads\/2024\/09\/03_Photo-23.png\" alt=\"03_Photo - 23\" \/><\/figure><\/a><\/div><div class=\"swiper-slide\" role=\"group\" aria-roledescription=\"slide\" aria-label=\"10 de 10\"><a data-elementor-open-lightbox=\"yes\" data-elementor-lightbox-slideshow=\"9b477f1\" data-e-action-hash=\"#elementor-action%3Aaction%3Dlightbox%26settings%3DeyJpZCI6NjcyLCJ1cmwiOiJodHRwczpcL1wvcGFzbmV0LmNvbS5iclwvc2l0ZVwvd3AtY29udGVudFwvdXBsb2Fkc1wvMjAyNFwvMDlcLzAxX1Bob3RvLTEwLnBuZyIsInNsaWRlc2hvdyI6IjliNDc3ZjEifQ%3D%3D\" href=\"https:\/\/pasnet.com.br\/site\/wp-content\/uploads\/2024\/09\/01_Photo-10.png\"><figure class=\"swiper-slide-inner\"><img decoding=\"async\" class=\"swiper-slide-image\" src=\"https:\/\/pasnet.com.br\/site\/wp-content\/uploads\/2024\/09\/01_Photo-10.png\" alt=\"01_Photo - 10\" \/><\/figure><\/a><\/div>\t\t\t<\/div>\n\t\t\t\t\t\t\t\t\t\t\t\t<div class=\"elementor-swiper-button elementor-swiper-button-prev\" role=\"button\" tabindex=\"0\">\n\t\t\t\t\t\t<svg aria-hidden=\"true\" class=\"e-font-icon-svg e-eicon-chevron-left\" viewBox=\"0 0 1000 1000\" xmlns=\"http:\/\/www.w3.org\/2000\/svg\"><path d=\"M646 125C629 125 613 133 604 142L308 442C296 454 292 471 292 487 292 504 296 521 308 533L604 854C617 867 629 875 646 875 663 875 679 871 692 858 704 846 713 829 713 812 713 796 708 779 692 767L438 487 692 225C700 217 708 204 708 187 708 171 704 154 692 142 675 129 663 125 646 125Z\"><\/path><\/svg>\t\t\t\t\t<\/div>\n\t\t\t\t\t<div class=\"elementor-swiper-button elementor-swiper-button-next\" role=\"button\" tabindex=\"0\">\n\t\t\t\t\t\t<svg aria-hidden=\"true\" class=\"e-font-icon-svg e-eicon-chevron-right\" viewBox=\"0 0 1000 1000\" xmlns=\"http:\/\/www.w3.org\/2000\/svg\"><path d=\"M696 533C708 521 713 504 713 487 713 471 708 454 696 446L400 146C388 133 375 125 354 125 338 125 325 129 313 142 300 154 292 171 292 187 292 204 296 221 308 233L563 492 304 771C292 783 288 800 288 817 288 833 296 850 308 863 321 871 338 875 354 875 371 875 388 867 400 854L696 533Z\"><\/path><\/svg>\t\t\t\t\t<\/div>\n\t\t\t\t\n\t\t\t\t\t\t\t\t\t<\/div>\n\t\t\t\t\t\t<\/div>\n\t\t\t\t<\/div>\n\t\t\t\t\t<\/div>\n\t\t\t\t<\/div>\n\t\t\t\t<\/div>\n\t\t","protected":false},"excerpt":{"rendered":"<p>A Empresa Sobre a PAS \u2013 Projetos&nbsp; Com mais de 18 anos de experi\u00eancia, a PAS \u00e9 refer\u00eancia em engenharia e assessoria p\u00fablica, tendo realizado mais de 10.000 projetos com excel\u00eancia e responsabilidade. Nossa trajet\u00f3ria s\u00f3lida se baseia em um trabalho de qualidade e compromisso com os melhores resultados. Miss\u00e3o Projetar e implementar solu\u00e7\u00f5es de [&hellip;]<\/p>\n","protected":false},"author":2,"featured_media":1103,"parent":0,"menu_order":0,"comment_status":"closed","ping_status":"closed","template":"","meta":{"footnotes":""},"class_list":["post-217","page","type-page","status-publish","has-post-thumbnail","hentry"],"_links":{"self":[{"href":"https:\/\/pasnet.com.br\/site\/wp-json\/wp\/v2\/pages\/217","targetHints":{"allow":["GET"]}}],"collection":[{"href":"https:\/\/pasnet.com.br\/site\/wp-json\/wp\/v2\/pages"}],"about":[{"href":"https:\/\/pasnet.com.br\/site\/wp-json\/wp\/v2\/types\/page"}],"author":[{"embeddable":true,"href":"https:\/\/pasnet.com.br\/site\/wp-json\/wp\/v2\/users\/2"}],"replies":[{"embeddable":true,"href":"https:\/\/pasnet.com.br\/site\/wp-json\/wp\/v2\/comments?post=217"}],"version-history":[{"count":20,"href":"https:\/\/pasnet.com.br\/site\/wp-json\/wp\/v2\/pages\/217\/revisions"}],"predecessor-version":[{"id":8200,"href":"https:\/\/pasnet.com.br\/site\/wp-json\/wp\/v2\/pages\/217\/revisions\/8200"}],"wp:featuredmedia":[{"embeddable":true,"href":"https:\/\/pasnet.com.br\/site\/wp-json\/wp\/v2\/media\/1103"}],"wp:attachment":[{"href":"https:\/\/pasnet.com.br\/site\/wp-json\/wp\/v2\/media?parent=217"}],"curies":[{"name":"wp","href":"https:\/\/api.w.org\/{rel}","templated":true}]}}